{"id":33,"date":"2024-11-14T20:05:07","date_gmt":"2024-11-14T20:05:07","guid":{"rendered":"https:\/\/www.hotel-aslan.pl\/?page_id=33"},"modified":"2025-10-19T13:30:25","modified_gmt":"2025-10-19T13:30:25","slug":"kontakt","status":"publish","type":"page","link":"https:\/\/www.hotel-aslan.pl\/index.php\/kontakt\/","title":{"rendered":"Kontakt"},"content":{"rendered":"\n<div class=\"wp-block-columns is-layout-flex wp-container-core-columns-is-layout-1 wp-block-columns-is-layout-flex\">\n<div class=\"wp-block-column is-layout-flow wp-block-column-is-layout-flow\" style=\"flex-basis:33.33%\">\n<h2 class=\"wp-block-heading\">Znajd\u017a nas<\/h2>\n\n\n\n<p><strong>Adres:<\/strong><\/p>\n\n\n\n<p>ul. Ks. Wiktora Sojki 1<br>42-605 Tarnowskie G\u00f3ry<\/p>\n\n\n\n<p><\/p>\n\n\n\n<p><strong>Godziny otwarcia:<\/strong><\/p>\n\n\n\n<p>24\/7<\/p>\n\n\n\n<hr class=\"wp-block-separator has-alpha-channel-opacity\"\/>\n\n\n\n<p><sup><strong>Dane firmy<\/strong>:<br>NIP: 645-237-80-88<strong><br>KONTO BANKOWE ING:<\/strong><br>34105013861000009082926339<br><strong>PRZELEWY Z ZAGRANICY PLN:<\/strong><br>PL34105013861000009082926339<\/sup><\/p>\n<\/div>\n\n\n\n<div class=\"wp-block-column is-layout-flow wp-block-column-is-layout-flow\" style=\"flex-basis:66.66%\"><div id=\"wpgmza_map_1\" class=\"wpgmza_map wpgmza-auto-left\" style=\"display:block;width:100%;height:400px;overflow:hidden;position:relative;\" data-map-id=\"1\" data-maps-engine=\"open-layers\" data-build-engine=\"atlas-novus\" data-shortcode-attributes=\"{&quot;id&quot;:&quot;1&quot;,&quot;zoom&quot;:false,&quot;width&quot;:false,&quot;height&quot;:false,&quot;marker&quot;:false,&quot;classname&quot;:false}\" data-settings=\"{&quot;map_title&quot;:&quot;Hotel Aslan&quot;,&quot;map_width&quot;:&quot;100&quot;,&quot;map_height&quot;:&quot;400&quot;,&quot;map_start_lat&quot;:&quot;50.425234314825104&quot;,&quot;map_start_lng&quot;:&quot;18.868657726972515&quot;,&quot;map_start_location&quot;:&quot;45.950464398418106,-109.81550500000003&quot;,&quot;map_start_zoom&quot;:&quot;17&quot;,&quot;default_marker&quot;:&quot;&quot;,&quot;type&quot;:&quot;0&quot;,&quot;alignment&quot;:&quot;4&quot;,&quot;directions_enabled&quot;:&quot;0&quot;,&quot;styling_enabled&quot;:&quot;0&quot;,&quot;styling_json&quot;:&quot;&quot;,&quot;active&quot;:&quot;0&quot;,&quot;kml&quot;:&quot;&quot;,&quot;bicycle&quot;:&quot;0&quot;,&quot;traffic&quot;:&quot;0&quot;,&quot;dbox&quot;:&quot;0&quot;,&quot;dbox_width&quot;:&quot;&quot;,&quot;listmarkers&quot;:&quot;0&quot;,&quot;listmarkers_advanced&quot;:&quot;0&quot;,&quot;filterbycat&quot;:&quot;0&quot;,&quot;ugm_enabled&quot;:&quot;0&quot;,&quot;ugm_category_enabled&quot;:&quot;0&quot;,&quot;fusion&quot;:&quot;&quot;,&quot;map_width_type&quot;:&quot;%&quot;,&quot;map_height_type&quot;:&quot;px&quot;,&quot;mass_marker_support&quot;:&quot;0&quot;,&quot;ugm_access&quot;:&quot;0&quot;,&quot;order_markers_by&quot;:&quot;0&quot;,&quot;order_markers_choice&quot;:&quot;0&quot;,&quot;show_user_location&quot;:&quot;0&quot;,&quot;default_to&quot;:&quot;&quot;,&quot;map_type&quot;:1,&quot;sl_stroke_color&quot;:&quot;&quot;,&quot;sl_fill_color&quot;:&quot;&quot;,&quot;sl_stroke_opacity&quot;:&quot;&quot;,&quot;sl_fill_opacity&quot;:&quot;&quot;,&quot;transport_layer&quot;:false,&quot;action&quot;:&quot;wpgmza_save_map&quot;,&quot;redirect_to&quot;:&quot;\\\/wpr-ha\\\/wp-admin\\\/admin-post.php&quot;,&quot;map_id&quot;:&quot;1&quot;,&quot;http_referer&quot;:&quot;\\\/wpr-ha\\\/wp-admin\\\/admin.php?page=wp-google-maps-menu&amp;amp;action=edit&amp;amp;map_id=1&quot;,&quot;wpgmza_id&quot;:&quot;1&quot;,&quot;wpgmza_start_location&quot;:&quot;50.425234314825104,18.868657726972515&quot;,&quot;wpgmza_start_zoom&quot;:&quot;16&quot;,&quot;store_locator_enabled&quot;:false,&quot;store_locator_search_area&quot;:&quot;radial&quot;,&quot;wpgmza_store_locator_radius_style&quot;:&quot;legacy&quot;,&quot;wpgmza_store_locator_default_radius&quot;:&quot;10&quot;,&quot;store_locator_auto_area_max_zoom&quot;:&quot;&quot;,&quot;store_locator_distance&quot;:false,&quot;wpgmza_store_locator_position&quot;:false,&quot;store_locator_show_distance&quot;:false,&quot;store_locator_category&quot;:false,&quot;wpgmza_store_locator_use_their_location&quot;:false,&quot;wpgmza_store_locator_bounce&quot;:false,&quot;wpgmza_sl_animation&quot;:null,&quot;wpgmza_store_locator_hide_before_search&quot;:false,&quot;store_locator_query_string&quot;:&quot;&quot;,&quot;store_locator_location_placeholder&quot;:&quot;&quot;,&quot;store_locator_default_address&quot;:&quot;&quot;,&quot;store_locator_name_search&quot;:false,&quot;store_locator_name_string&quot;:&quot;&quot;,&quot;store_locator_not_found_message&quot;:&quot;&quot;,&quot;wpgmza_map_align&quot;:&quot;1&quot;,&quot;jump_to_nearest_marker_on_initialization&quot;:false,&quot;automatically_pan_to_users_location&quot;:false,&quot;override_users_location_zoom_level&quot;:false,&quot;override_users_location_zoom_levels&quot;:&quot;&quot;,&quot;show_distance_from_location&quot;:false,&quot;map_max_zoom&quot;:&quot;21&quot;,&quot;map_min_zoom&quot;:&quot;0&quot;,&quot;click_open_link&quot;:false,&quot;fit_maps_bounds_to_markers&quot;:false,&quot;fit_maps_bounds_to_markers_after_filtering&quot;:false,&quot;hide_point_of_interest&quot;:false,&quot;wpgmza_zoom_on_marker_click&quot;:false,&quot;wpgmza_zoom_on_marker_click_slider&quot;:&quot;&quot;,&quot;close_infowindow_on_map_click&quot;:false,&quot;disable_lightbox_images&quot;:false,&quot;use_Raw_Jpeg_Coordinates&quot;:false,&quot;disable_polygon_info_windows&quot;:false,&quot;enable_marker_ratings&quot;:false,&quot;enable_marker_labels&quot;:false,&quot;only_load_markers_within_viewport&quot;:false,&quot;zoom_level_mobile_override_enabled&quot;:false,&quot;zoom_level_mobile_override&quot;:&quot;&quot;,&quot;iw_primary_color&quot;:&quot;#000000&quot;,&quot;iw_accent_color&quot;:&quot;#000000&quot;,&quot;iw_text_color&quot;:&quot;#000000&quot;,&quot;wpgmza_listmarkers_by&quot;:&quot;0&quot;,&quot;wpgmza_marker_listing_position&quot;:false,&quot;zoom_level_on_marker_listing_override&quot;:false,&quot;zoom_level_on_marker_listing_click&quot;:&quot;&quot;,&quot;marker_listing_disable_zoom&quot;:false,&quot;datatable_no_result_message&quot;:&quot;&quot;,&quot;remove_search_box_datables&quot;:false,&quot;dataTable_pagination_style&quot;:null,&quot;datatable_search_string&quot;:&quot;&quot;,&quot;datatable_result_start&quot;:&quot;&quot;,&quot;datatable_result_of&quot;:&quot;&quot;,&quot;datatable_result_to&quot;:&quot;&quot;,&quot;datatable_result_total&quot;:&quot;&quot;,&quot;datatable_result_show&quot;:&quot;&quot;,&quot;datatable_result_entries&quot;:&quot;&quot;,&quot;wpgmza_savemap&quot;:&quot;Zapisz map\\u0119 \\u00bb&quot;,&quot;store_locator_component_anchor&quot;:9,&quot;id&quot;:1}\" ><\/div><\/div>\n<\/div>\n\n\n\n<hr class=\"wp-block-separator has-alpha-channel-opacity\"\/>\n\n\n\n<h2 class=\"wp-block-heading has-text-align-center\">Formularz kontaktowy<\/h2>\n\n\n<style id=\"wpforms-css-vars-103-block-a5287c9b-3c9e-4788-84ea-36669c1a1ff3\">\n\t\t\t\t#wpforms-103.wpforms-block-a5287c9b-3c9e-4788-84ea-36669c1a1ff3 {\n\t\t\t\t--wpforms-field-size-input-height: 43px;\n--wpforms-field-size-input-spacing: 15px;\n--wpforms-field-size-font-size: 16px;\n--wpforms-field-size-line-height: 19px;\n--wpforms-field-size-padding-h: 14px;\n--wpforms-field-size-checkbox-size: 16px;\n--wpforms-field-size-sublabel-spacing: 5px;\n--wpforms-field-size-icon-size: 1;\n--wpforms-label-size-font-size: 16px;\n--wpforms-label-size-line-height: 19px;\n--wpforms-label-size-sublabel-font-size: 14px;\n--wpforms-label-size-sublabel-line-height: 17px;\n--wpforms-button-size-font-size: 17px;\n--wpforms-button-size-height: 41px;\n--wpforms-button-size-padding-h: 15px;\n--wpforms-button-size-margin-top: 10px;\n\t\t\t}\n\t\t\t<\/style><div class=\"wpforms-container wpforms-container-full wpforms-block wpforms-block-a5287c9b-3c9e-4788-84ea-36669c1a1ff3 wpforms-render-modern\" id=\"wpforms-103\"><form id=\"wpforms-form-103\" class=\"wpforms-validate wpforms-form wpforms-ajax-form\" data-formid=\"103\" method=\"post\" enctype=\"multipart\/form-data\" action=\"\/index.php\/wp-json\/wp\/v2\/pages\/33\" data-token=\"944e302abaac5b4d3a4a28db813a23a9\" data-token-time=\"1774742609\"><noscript class=\"wpforms-error-noscript\">Aby wype\u0142ni\u0107 ten formularz, w\u0142\u0105cz obs\u0142ug\u0119 JavaScript w przegl\u0105darce.<\/noscript><div id=\"wpforms-error-noscript\" style=\"display: none;\">Aby wype\u0142ni\u0107 ten formularz, w\u0142\u0105cz obs\u0142ug\u0119 JavaScript w przegl\u0105darce.<\/div><div class=\"wpforms-field-container\">\t\t<div id=\"wpforms-103-field_4-container\"\n\t\t\tclass=\"wpforms-field wpforms-field-text\"\n\t\t\tdata-field-type=\"text\"\n\t\t\tdata-field-id=\"4\"\n\t\t\t>\n\t\t\t<label class=\"wpforms-field-label\" for=\"wpforms-103-field_4\" >e-mail i Adres<\/label>\n\t\t\t<input type=\"text\" id=\"wpforms-103-field_4\" class=\"wpforms-field-medium\" name=\"wpforms[fields][4]\" >\n\t\t<\/div>\n\t\t<div id=\"wpforms-103-field_1-container\" class=\"wpforms-field wpforms-field-name\" data-field-id=\"1\"><label class=\"wpforms-field-label\" for=\"wpforms-103-field_1\">Imi\u0119 i nazwisko <span class=\"wpforms-required-label\" aria-hidden=\"true\">*<\/span><\/label><input type=\"text\" id=\"wpforms-103-field_1\" class=\"wpforms-field-medium wpforms-field-required\" name=\"wpforms[fields][1]\" aria-errormessage=\"wpforms-103-field_1-error\" aria-describedby=\"wpforms-103-field_1-description\" required><div id=\"wpforms-103-field_1-description\" class=\"wpforms-field-description\">Twoje imi\u0119 i nazwisko<\/div><\/div><div id=\"wpforms-103-field_2-container\" class=\"wpforms-field wpforms-field-email\" data-field-id=\"2\"><label class=\"wpforms-field-label\" for=\"wpforms-103-field_2\">Adres e-mail <span class=\"wpforms-required-label\" aria-hidden=\"true\">*<\/span><\/label><input type=\"email\" id=\"wpforms-103-field_2\" class=\"wpforms-field-medium wpforms-field-required\" name=\"wpforms[fields][2]\" spellcheck=\"false\" aria-errormessage=\"wpforms-103-field_2-error\" aria-describedby=\"wpforms-103-field_2-description\" required><div id=\"wpforms-103-field_2-description\" class=\"wpforms-field-description\">Tw\u00f3j adres email<\/div><\/div><div id=\"wpforms-103-field_5-container\" class=\"wpforms-field wpforms-field-number\" data-field-id=\"5\"><label class=\"wpforms-field-label\" for=\"wpforms-103-field_5\">Numer telefonu (opcjonalnie)<\/label><input type=\"number\" id=\"wpforms-103-field_5\" class=\"wpforms-field-medium\" name=\"wpforms[fields][5]\" step=\"any\" aria-errormessage=\"wpforms-103-field_5-error\" aria-describedby=\"wpforms-103-field_5-description\" ><div id=\"wpforms-103-field_5-description\" class=\"wpforms-field-description\">Tw\u00f3j numer telefonu<\/div><\/div><div id=\"wpforms-103-field_3-container\" class=\"wpforms-field wpforms-field-textarea\" data-field-id=\"3\"><label class=\"wpforms-field-label\" for=\"wpforms-103-field_3\">Wiadomo\u015b\u0107 <span class=\"wpforms-required-label\" aria-hidden=\"true\">*<\/span><\/label><textarea id=\"wpforms-103-field_3\" class=\"wpforms-field-medium wpforms-field-required\" name=\"wpforms[fields][3]\" aria-errormessage=\"wpforms-103-field_3-error\" aria-describedby=\"wpforms-103-field_3-description\" required><\/textarea><div id=\"wpforms-103-field_3-description\" class=\"wpforms-field-description\">Twoja wiadomo\u015b\u0107<\/div><\/div><script>\n\t\t\t\t( function() {\n\t\t\t\t\tconst style = document.createElement( 'style' );\n\t\t\t\t\tstyle.appendChild( document.createTextNode( '#wpforms-103-field_4-container { position: absolute !important; overflow: hidden !important; display: inline !important; height: 1px !important; width: 1px !important; z-index: -1000 !important; padding: 0 !important; } #wpforms-103-field_4-container input { visibility: hidden; } #wpforms-conversational-form-page #wpforms-103-field_4-container label { counter-increment: none; }' ) );\n\t\t\t\t\tdocument.head.appendChild( style );\n\t\t\t\t\tdocument.currentScript?.remove();\n\t\t\t\t} )();\n\t\t\t<\/script><\/div><!-- .wpforms-field-container --><div class=\"wpforms-submit-container\" ><input type=\"hidden\" name=\"wpforms[id]\" value=\"103\"><input type=\"hidden\" name=\"page_title\" value=\"\"><input type=\"hidden\" name=\"page_url\" value=\"https:\/\/www.hotel-aslan.pl\/index.php\/wp-json\/wp\/v2\/pages\/33\"><input type=\"hidden\" name=\"url_referer\" value=\"\"><button type=\"submit\" name=\"wpforms[submit]\" id=\"wpforms-submit-103\" class=\"wpforms-submit\" data-alt-text=\"Wysy\u0142anie...\" data-submit-text=\"Wy\u015blij\" aria-live=\"assertive\" value=\"wpforms-submit\">Wy\u015blij<\/button><img loading=\"lazy\" decoding=\"async\" src=\"https:\/\/www.hotel-aslan.pl\/wp-content\/plugins\/wpforms-lite\/assets\/images\/submit-spin.svg\" class=\"wpforms-submit-spinner\" style=\"display: none;\" width=\"26\" height=\"26\" alt=\"Wczytywanie\"><\/div><\/form><\/div>  <!-- .wpforms-container -->","protected":false},"excerpt":{"rendered":"<p>Znajd\u017a nas Adres: ul. Ks. Wiktora Sojki 142-605 Tarnowskie G\u00f3ry Godziny otwarcia: 24\/7 Dane firmy:NIP: 645-237-80-88KONTO BANKOWE ING:34105013861000009082926339PRZELEWY Z ZAGRANICY PLN:PL34105013861000009082926339 Formularz kontaktowy<\/p>\n","protected":false},"author":1,"featured_media":0,"parent":0,"menu_order":0,"comment_status":"closed","ping_status":"closed","template":"","meta":{"footnotes":""},"class_list":["post-33","page","type-page","status-publish","hentry"],"yoast_head":"<!-- This site is optimized with the Yoast SEO plugin v26.6 - https:\/\/yoast.com\/wordpress\/plugins\/seo\/ -->\n<title>Kontakt - Hotel Aslan - Tarnowskie G&oacute;ry<\/title>\n<meta name=\"description\" content=\"Hotel Aslan Tarnowskie G\u00f3ry | zapraszamy do kontaktu drog\u0105 mailow\u0105, telefonicznie, osobi\u015bcie lub poprzez portal https:\/\/www.Booking.com\/\" \/>\n<meta name=\"robots\" content=\"index, follow, max-snippet:-1, max-image-preview:large, max-video-preview:-1\" \/>\n<link rel=\"canonical\" href=\"https:\/\/www.hotel-aslan.pl\/index.php\/kontakt\/\" \/>\n<meta property=\"og:locale\" content=\"pl_PL\" \/>\n<meta property=\"og:type\" content=\"article\" \/>\n<meta property=\"og:title\" content=\"Kontakt - Hotel Aslan - Tarnowskie G&oacute;ry\" \/>\n<meta property=\"og:description\" content=\"Hotel Aslan Tarnowskie G\u00f3ry | zapraszamy do kontaktu drog\u0105 mailow\u0105, telefonicznie, osobi\u015bcie lub poprzez portal https:\/\/www.Booking.com\/\" \/>\n<meta property=\"og:url\" content=\"https:\/\/www.hotel-aslan.pl\/index.php\/kontakt\/\" \/>\n<meta property=\"og:site_name\" content=\"Hotel Aslan - Tarnowskie G&oacute;ry\" \/>\n<meta property=\"article:publisher\" content=\"https:\/\/www.facebook.com\/profile.php?id=61556895803304\" \/>\n<meta property=\"article:modified_time\" content=\"2025-10-19T13:30:25+00:00\" \/>\n<meta name=\"twitter:card\" content=\"summary_large_image\" \/>\n<meta name=\"twitter:label1\" content=\"Szacowany czas czytania\" \/>\n\t<meta name=\"twitter:data1\" content=\"1 minuta\" \/>\n<script type=\"application\/ld+json\" class=\"yoast-schema-graph\">{\"@context\":\"https:\/\/schema.org\",\"@graph\":[{\"@type\":\"WebPage\",\"@id\":\"https:\/\/www.hotel-aslan.pl\/index.php\/kontakt\/\",\"url\":\"https:\/\/www.hotel-aslan.pl\/index.php\/kontakt\/\",\"name\":\"Kontakt - Hotel Aslan - Tarnowskie G&oacute;ry\",\"isPartOf\":{\"@id\":\"https:\/\/www.hotel-aslan.pl\/#website\"},\"datePublished\":\"2024-11-14T20:05:07+00:00\",\"dateModified\":\"2025-10-19T13:30:25+00:00\",\"description\":\"Hotel Aslan Tarnowskie G\u00f3ry | zapraszamy do kontaktu drog\u0105 mailow\u0105, telefonicznie, osobi\u015bcie lub poprzez portal https:\/\/www.Booking.com\/\",\"breadcrumb\":{\"@id\":\"https:\/\/www.hotel-aslan.pl\/index.php\/kontakt\/#breadcrumb\"},\"inLanguage\":\"pl-PL\",\"potentialAction\":[{\"@type\":\"ReadAction\",\"target\":[\"https:\/\/www.hotel-aslan.pl\/index.php\/kontakt\/\"]}]},{\"@type\":\"BreadcrumbList\",\"@id\":\"https:\/\/www.hotel-aslan.pl\/index.php\/kontakt\/#breadcrumb\",\"itemListElement\":[{\"@type\":\"ListItem\",\"position\":1,\"name\":\"Strona g\u0142\u00f3wna\",\"item\":\"https:\/\/www.hotel-aslan.pl\/\"},{\"@type\":\"ListItem\",\"position\":2,\"name\":\"Kontakt\"}]},{\"@type\":\"WebSite\",\"@id\":\"https:\/\/www.hotel-aslan.pl\/#website\",\"url\":\"https:\/\/www.hotel-aslan.pl\/\",\"name\":\"Hotel Aslan - Tarnowskie G\u00f3ry\",\"description\":\"\",\"publisher\":{\"@id\":\"https:\/\/www.hotel-aslan.pl\/#organization\"},\"potentialAction\":[{\"@type\":\"SearchAction\",\"target\":{\"@type\":\"EntryPoint\",\"urlTemplate\":\"https:\/\/www.hotel-aslan.pl\/?s={search_term_string}\"},\"query-input\":{\"@type\":\"PropertyValueSpecification\",\"valueRequired\":true,\"valueName\":\"search_term_string\"}}],\"inLanguage\":\"pl-PL\"},{\"@type\":\"Organization\",\"@id\":\"https:\/\/www.hotel-aslan.pl\/#organization\",\"name\":\"Hotel Aslan\",\"url\":\"https:\/\/www.hotel-aslan.pl\/\",\"logo\":{\"@type\":\"ImageObject\",\"inLanguage\":\"pl-PL\",\"@id\":\"https:\/\/www.hotel-aslan.pl\/#\/schema\/logo\/image\/\",\"url\":\"https:\/\/www.hotel-aslan.pl\/wp-content\/uploads\/2024\/11\/cropped-cropped-v1.2edit.header-copy-mjE5rjqMRWuo4DGg.avif\",\"contentUrl\":\"https:\/\/www.hotel-aslan.pl\/wp-content\/uploads\/2024\/11\/cropped-cropped-v1.2edit.header-copy-mjE5rjqMRWuo4DGg.avif\",\"width\":430,\"height\":265,\"caption\":\"Hotel Aslan\"},\"image\":{\"@id\":\"https:\/\/www.hotel-aslan.pl\/#\/schema\/logo\/image\/\"},\"sameAs\":[\"https:\/\/www.facebook.com\/profile.php?id=61556895803304\",\"https:\/\/www.instagram.com\/hotelaslantg\"]}]}<\/script>\n<!-- \/ Yoast SEO plugin. -->","yoast_head_json":{"title":"Kontakt - Hotel Aslan - Tarnowskie G&oacute;ry","description":"Hotel Aslan Tarnowskie G\u00f3ry | zapraszamy do kontaktu drog\u0105 mailow\u0105, telefonicznie, osobi\u015bcie lub poprzez portal https:\/\/www.Booking.com\/","robots":{"index":"index","follow":"follow","max-snippet":"max-snippet:-1","max-image-preview":"max-image-preview:large","max-video-preview":"max-video-preview:-1"},"canonical":"https:\/\/www.hotel-aslan.pl\/index.php\/kontakt\/","og_locale":"pl_PL","og_type":"article","og_title":"Kontakt - Hotel Aslan - Tarnowskie G&oacute;ry","og_description":"Hotel Aslan Tarnowskie G\u00f3ry | zapraszamy do kontaktu drog\u0105 mailow\u0105, telefonicznie, osobi\u015bcie lub poprzez portal https:\/\/www.Booking.com\/","og_url":"https:\/\/www.hotel-aslan.pl\/index.php\/kontakt\/","og_site_name":"Hotel Aslan - Tarnowskie G&oacute;ry","article_publisher":"https:\/\/www.facebook.com\/profile.php?id=61556895803304","article_modified_time":"2025-10-19T13:30:25+00:00","twitter_card":"summary_large_image","twitter_misc":{"Szacowany czas czytania":"1 minuta"},"schema":{"@context":"https:\/\/schema.org","@graph":[{"@type":"WebPage","@id":"https:\/\/www.hotel-aslan.pl\/index.php\/kontakt\/","url":"https:\/\/www.hotel-aslan.pl\/index.php\/kontakt\/","name":"Kontakt - Hotel Aslan - Tarnowskie G&oacute;ry","isPartOf":{"@id":"https:\/\/www.hotel-aslan.pl\/#website"},"datePublished":"2024-11-14T20:05:07+00:00","dateModified":"2025-10-19T13:30:25+00:00","description":"Hotel Aslan Tarnowskie G\u00f3ry | zapraszamy do kontaktu drog\u0105 mailow\u0105, telefonicznie, osobi\u015bcie lub poprzez portal https:\/\/www.Booking.com\/","breadcrumb":{"@id":"https:\/\/www.hotel-aslan.pl\/index.php\/kontakt\/#breadcrumb"},"inLanguage":"pl-PL","potentialAction":[{"@type":"ReadAction","target":["https:\/\/www.hotel-aslan.pl\/index.php\/kontakt\/"]}]},{"@type":"BreadcrumbList","@id":"https:\/\/www.hotel-aslan.pl\/index.php\/kontakt\/#breadcrumb","itemListElement":[{"@type":"ListItem","position":1,"name":"Strona g\u0142\u00f3wna","item":"https:\/\/www.hotel-aslan.pl\/"},{"@type":"ListItem","position":2,"name":"Kontakt"}]},{"@type":"WebSite","@id":"https:\/\/www.hotel-aslan.pl\/#website","url":"https:\/\/www.hotel-aslan.pl\/","name":"Hotel Aslan - Tarnowskie G\u00f3ry","description":"","publisher":{"@id":"https:\/\/www.hotel-aslan.pl\/#organization"},"potentialAction":[{"@type":"SearchAction","target":{"@type":"EntryPoint","urlTemplate":"https:\/\/www.hotel-aslan.pl\/?s={search_term_string}"},"query-input":{"@type":"PropertyValueSpecification","valueRequired":true,"valueName":"search_term_string"}}],"inLanguage":"pl-PL"},{"@type":"Organization","@id":"https:\/\/www.hotel-aslan.pl\/#organization","name":"Hotel Aslan","url":"https:\/\/www.hotel-aslan.pl\/","logo":{"@type":"ImageObject","inLanguage":"pl-PL","@id":"https:\/\/www.hotel-aslan.pl\/#\/schema\/logo\/image\/","url":"https:\/\/www.hotel-aslan.pl\/wp-content\/uploads\/2024\/11\/cropped-cropped-v1.2edit.header-copy-mjE5rjqMRWuo4DGg.avif","contentUrl":"https:\/\/www.hotel-aslan.pl\/wp-content\/uploads\/2024\/11\/cropped-cropped-v1.2edit.header-copy-mjE5rjqMRWuo4DGg.avif","width":430,"height":265,"caption":"Hotel Aslan"},"image":{"@id":"https:\/\/www.hotel-aslan.pl\/#\/schema\/logo\/image\/"},"sameAs":["https:\/\/www.facebook.com\/profile.php?id=61556895803304","https:\/\/www.instagram.com\/hotelaslantg"]}]}},"_links":{"self":[{"href":"https:\/\/www.hotel-aslan.pl\/index.php\/wp-json\/wp\/v2\/pages\/33","targetHints":{"allow":["GET"]}}],"collection":[{"href":"https:\/\/www.hotel-aslan.pl\/index.php\/wp-json\/wp\/v2\/pages"}],"about":[{"href":"https:\/\/www.hotel-aslan.pl\/index.php\/wp-json\/wp\/v2\/types\/page"}],"author":[{"embeddable":true,"href":"https:\/\/www.hotel-aslan.pl\/index.php\/wp-json\/wp\/v2\/users\/1"}],"replies":[{"embeddable":true,"href":"https:\/\/www.hotel-aslan.pl\/index.php\/wp-json\/wp\/v2\/comments?post=33"}],"version-history":[{"count":11,"href":"https:\/\/www.hotel-aslan.pl\/index.php\/wp-json\/wp\/v2\/pages\/33\/revisions"}],"predecessor-version":[{"id":260,"href":"https:\/\/www.hotel-aslan.pl\/index.php\/wp-json\/wp\/v2\/pages\/33\/revisions\/260"}],"wp:attachment":[{"href":"https:\/\/www.hotel-aslan.pl\/index.php\/wp-json\/wp\/v2\/media?parent=33"}],"curies":[{"name":"wp","href":"https:\/\/api.w.org\/{rel}","templated":true}]}}